{"id":47,"date":"2024-04-03T18:53:24","date_gmt":"2024-04-03T18:53:24","guid":{"rendered":"https:\/\/rodrigotolzen.com\/home\/"},"modified":"2024-09-17T21:11:40","modified_gmt":"2024-09-17T21:11:40","slug":"home","status":"publish","type":"page","link":"https:\/\/rodrigotolzen.com\/en\/","title":{"rendered":"Inicio"},"content":{"rendered":"<p><a href=\"#scroll-down\"><\/p>\n<p><\/a><\/p>\n<p>Welcome to<\/p>\n<p>RODRIGO TOLZEN<\/p>\n<p>Welcome to my official website!<\/p>\n<p>It is a pleasure to show you my work, where astonishment and laughter are priority. Here you can explore my artistic world. I hope you enjoy your visit as much as I enjoy sharing my passion with you! See you at your next event.<\/p>\n<p>\"You will be amazed out loud\"<\/p>\n<p><a href=\"#about\">About me<\/a><a href=\"#showman\">My Work<\/a><\/p>\n<p><img decoding=\"async\" src=\"https:\/\/rodrigotolzen.com\/wp-content\/uploads\/2024\/07\/Laurel-Vector-3-Juntos-3.png\" \/><\/p>\n<p>About me<\/p>\n<p>Rodrigo Tolzen -te asombrar\u00e1s a carcajadas-<\/p>\n<p>Destacado y talentoso artista chileno, que ha cautivado audiencias en todo el mundo con su ingenio, habilidad y carisma.<\/p>\n<p>De profesi\u00f3n ingeniero en administraci\u00f3n de empresas y chef internacional, Rodrigo Tolzen ha dedicado toda su vida al mundo del entretenimiento desde los 17 a\u00f1os, cuando comenz\u00f3 con la magia. Trabaj\u00f3 durante mas de una d\u00e9cada como animador de bares, discotecas, fiestas y bodas, lo que le brind\u00f3 una s\u00f3lida experiencia en el manejo y gustos del p\u00fablico, siendo esta una de sus principales herramientas.<\/p>\n<p>Premiado en diferentes congresos de magia, programas de talento y televisi\u00f3n. Lo han llevado a recorrer por todo Chile, gran parte de Am\u00e9rica Latina, Centroam\u00e9rica y actualmente Europa.<\/p>\n<p>Con una carrera multifac\u00e9tica, Tolzen abarca la Magia, la Comedia, el Stand Up y la Ventriloqu\u00eda se posiciona como un gran Show Man y Presentador.<\/p>\n<p>The Method<\/p>\n<p>Strengths and Skills in Action<\/p>\n<p>\u201cOur show seeks to excite, surprise, entertain and connect with the audience, offering an experience full of amazement and laughter\u201d<\/p>\n<p>For that we use:<\/p>\n<p>Humor<\/p>\n<p>Humor and laughter enrich the show, connect with the audience and create memorable and exciting experiences.<\/p>\n<p>Magic<\/p>\n<p>Magic adds an element of surprise, awe and fascination that captivates and excites the audience and makes an event memorable.<\/p>\n<p>Versatility<\/p>\n<p>La versatilidad en el espect\u00e1culo permiteadaptarsesorprender y cautivara diversos g\u00e9neros y audiencias, ampliando el alcance art\u00edstico.<\/p>\n<p>Profesionalism<\/p>\n<p>Our professionalism is evident in every detail, from the meticulous preparation to the impeccable execution of our shows.<\/p>\n<p>THE SHOWMAN<\/p>\n<p>In the vast arena of entertainment, versatility stands out.<\/p>\n<p>Rodrigo Tolzen is an artist who does not conform to the predefined limits of the show. Versatility being one of his greatest strengths, Rodrigo Tolzen has demonstrated his ability to adapt and stand out in any artistic environment with different types of shows.<\/p>\n<p><a href=\"\"><\/p>\n<p><img decoding=\"async\" src=\"https:\/\/rodrigotolzen.com\/wp-content\/uploads\/2024\/04\/43.jpg\" \/><\/p>\n<p>corporate events<\/p>\n<p><\/a><\/p>\n<p>corporate events<\/p>\n<p><a href=\"\"><\/p>\n<p><img decoding=\"async\" src=\"https:\/\/rodrigotolzen.com\/wp-content\/uploads\/2024\/04\/StanUpDef2.jpg\" \/><\/p>\n<p>stand up comedy<\/p>\n<p><\/a><\/p>\n<p>stand up comedy<\/p>\n<p><a href=\"\"><\/p>\n<p><img decoding=\"async\" src=\"https:\/\/rodrigotolzen.com\/wp-content\/uploads\/2024\/04\/16.jpg\" \/><\/p>\n<p>circus<\/p>\n<p><\/a><\/p>\n<p>circus<\/p>\n<p><a href=\"\"><\/p>\n<p><img decoding=\"async\" src=\"https:\/\/rodrigotolzen.com\/wp-content\/uploads\/2024\/04\/40.jpg\" \/><\/p>\n<p>creative couching<\/p>\n<p><\/a><\/p>\n<p>creative couching<\/p>\n<p>THE ART OF<\/p>\n<p>ENTERTAINMENT<\/p>\n<p>\u201cI am the architect of my own entertainment universe,<\/p>\n<p>where creativity and passion create magical moments<\/p>\n<p>that last beyond the final applause.\u201d<\/p>\n<p><a href=\"\"><\/p>\n<p><img decoding=\"async\" src=\"https:\/\/rodrigotolzen.com\/wp-content\/uploads\/2024\/05\/Imagen-de-WhatsApp-2024-05-06-a-las-12.44.56_de7ab76b2.jpg\" \/><\/p>\n<p>See video<\/p>\n<p><\/a><\/p>\n<p>See video<\/p>\n<p>VENTRILOQUIA<\/p>\n<p>The adventures of Don German<\/p>\n<p>\u201cThe Adventures of Don Germ\u00e1n\u201d is a ventriloquism show that follows the fun adventures of Don Germ\u00e1n, a friendly doll with a lot of wit and personality. Don Germ\u00e1n, together with Rodrigo, will take you on a journey full of laughter, surprises and fun moments.<\/p>\n<p>With \u201cThe Adventures of Don Germ\u00e1n,\u201d your show is sure to be a hit, leaving your audience with smiles on their faces and lasting memories of a unique and fun experience.<\/p>\n<p>GALLERY<\/p>\n<p>I invite you to see my work<\/p>\n<p>AllPrensaStand UpVideoEventos\t\t\t\t<\/p>\n<p><a href=\"\"><\/p>\n<p><img decoding=\"async\" src=\"https:\/\/rodrigotolzen.com\/wp-content\/uploads\/2024\/06\/4.jpg\" \/><\/p>\n<p><\/a><\/p>\n<p><a href=\"\"><\/p>\n<p><img decoding=\"async\" src=\"https:\/\/rodrigotolzen.com\/wp-content\/uploads\/2024\/06\/14.jpg\" \/><\/p>\n<p><\/a><\/p>\n<p><a href=\"\"><\/p>\n<p><img decoding=\"async\" src=\"https:\/\/rodrigotolzen.com\/wp-content\/uploads\/2024\/06\/2.jpg\" \/><\/p>\n<p><\/a><\/p>\n<p><a href=\"\"><\/p>\n<p><img decoding=\"async\" src=\"https:\/\/rodrigotolzen.com\/wp-content\/uploads\/2024\/06\/26.jpg\" \/><\/p>\n<p><\/a><\/p>\n<p><a href=\"\"><\/p>\n<p><img decoding=\"async\" src=\"https:\/\/rodrigotolzen.com\/wp-content\/uploads\/2024\/05\/IMG-20240517-WA0006.jpg\" \/><\/p>\n<p><\/a><\/p>\n<p><a href=\"\"><\/p>\n<p><img decoding=\"async\" src=\"https:\/\/rodrigotolzen.com\/wp-content\/uploads\/2024\/05\/IMG-20240517-WA0007.jpg\" \/><\/p>\n<p><\/a><\/p>\n<p><a href=\"\"><\/p>\n<p><img decoding=\"async\" src=\"https:\/\/rodrigotolzen.com\/wp-content\/uploads\/2024\/05\/IMG-20240517-WA0008.jpg\" \/><\/p>\n<p><\/a><\/p>\n<p><a href=\"\"><\/p>\n<p><img decoding=\"async\" src=\"https:\/\/rodrigotolzen.com\/wp-content\/uploads\/2024\/05\/IMG-20240517-WA0009.jpg\" \/><\/p>\n<p><\/a><\/p>\n<p><a href=\"\"><\/p>\n<p><img decoding=\"async\" src=\"https:\/\/rodrigotolzen.com\/wp-content\/uploads\/2024\/05\/IMG-20240517-WA0010.jpg\" \/><\/p>\n<p><\/a><\/p>\n<p><a href=\"\"><\/p>\n<p><img decoding=\"async\" src=\"https:\/\/rodrigotolzen.com\/wp-content\/uploads\/2024\/05\/IMG-20240517-WA0011.jpg\" \/><\/p>\n<p><\/a><\/p>\n<p><a href=\"\"><\/p>\n<p><img decoding=\"async\" src=\"https:\/\/rodrigotolzen.com\/wp-content\/uploads\/2024\/05\/12.png\" \/><\/p>\n<p><\/a><\/p>\n<p><a href=\"\"><\/p>\n<p><img decoding=\"async\" src=\"https:\/\/rodrigotolzen.com\/wp-content\/uploads\/2024\/05\/IMG-20240517-WA0016.jpg\" \/><\/p>\n<p><\/a><\/p>\n<p><a href=\"\"><\/p>\n<p><img decoding=\"async\" src=\"https:\/\/rodrigotolzen.com\/wp-content\/uploads\/2024\/05\/17.png\" \/><\/p>\n<p><\/a><\/p>\n<p><a href=\"\"><\/p>\n<p><img decoding=\"async\" src=\"https:\/\/rodrigotolzen.com\/wp-content\/uploads\/2024\/05\/IMG-20240517-WA0019.jpg\" \/><\/p>\n<p><\/a><\/p>\n<p><a href=\"\"><\/p>\n<p><img decoding=\"async\" src=\"https:\/\/rodrigotolzen.com\/wp-content\/uploads\/2024\/05\/20.png\" \/><\/p>\n<p><\/a><\/p>\n<p><a href=\"\"><\/p>\n<p><img decoding=\"async\" src=\"https:\/\/rodrigotolzen.com\/wp-content\/uploads\/2024\/05\/IMG-20240517-WA0021.jpg\" \/><\/p>\n<p><\/a><\/p>\n<p><a href=\"\"><\/p>\n<p><img decoding=\"async\" src=\"https:\/\/rodrigotolzen.com\/wp-content\/uploads\/2024\/05\/22.png\" \/><\/p>\n<p><\/a><\/p>\n<p><a href=\"\"><\/p>\n<p><img decoding=\"async\" src=\"https:\/\/rodrigotolzen.com\/wp-content\/uploads\/2024\/05\/23.png\" \/><\/p>\n<p><\/a><\/p>\n<p><a href=\"\"><\/p>\n<p><img decoding=\"async\" src=\"https:\/\/rodrigotolzen.com\/wp-content\/uploads\/2024\/05\/24.png\" \/><\/p>\n<p><\/a><\/p>\n<p><a href=\"\"><\/p>\n<p><img decoding=\"async\" src=\"https:\/\/rodrigotolzen.com\/wp-content\/uploads\/2024\/04\/23.jpg\" \/><\/p>\n<p><\/a><\/p>\n<p><a href=\"\"><\/p>\n<p><img decoding=\"async\" src=\"https:\/\/rodrigotolzen.com\/wp-content\/uploads\/2024\/05\/IMG-20240517-WA0029.jpg\" \/><\/p>\n<p><\/a><\/p>\n<p><a href=\"\"><\/p>\n<p><img decoding=\"async\" src=\"https:\/\/rodrigotolzen.com\/wp-content\/uploads\/2024\/06\/v1.png\" \/><\/p>\n<p>See video<\/p>\n<p><\/a><\/p>\n<p>See video<\/p>\n<p><a href=\"\"><\/p>\n<p><img decoding=\"async\" src=\"https:\/\/rodrigotolzen.com\/wp-content\/uploads\/2024\/06\/v2.png\" \/><\/p>\n<p>See video<\/p>\n<p><\/a><\/p>\n<p>See video<\/p>\n<p><a href=\"\"><\/p>\n<p><img decoding=\"async\" src=\"https:\/\/rodrigotolzen.com\/wp-content\/uploads\/2024\/06\/v3.png\" \/><\/p>\n<p>See video<\/p>\n<p><\/a><\/p>\n<p>See video<\/p>\n<p><a href=\"\"><\/p>\n<p><img decoding=\"async\" src=\"https:\/\/rodrigotolzen.com\/wp-content\/uploads\/2024\/06\/v4.png\" \/><\/p>\n<p>See video<\/p>\n<p><\/a><\/p>\n<p>See video<\/p>\n<p><a href=\"\"><\/p>\n<p><img decoding=\"async\" src=\"https:\/\/rodrigotolzen.com\/wp-content\/uploads\/2024\/06\/v5.png\" \/><\/p>\n<p>See video<\/p>\n<p><\/a><\/p>\n<p>See video<\/p>\n<p><a href=\"\"><\/p>\n<p><img decoding=\"async\" src=\"https:\/\/rodrigotolzen.com\/wp-content\/uploads\/2024\/06\/IMG-20240603-WA0007.jpg\" \/><\/p>\n<p><\/a><\/p>\n<p><a href=\"\"><\/p>\n<p><img decoding=\"async\" src=\"https:\/\/rodrigotolzen.com\/wp-content\/uploads\/2024\/06\/IMG-20240603-WA0006.jpg\" \/><\/p>\n<p><\/a><\/p>\n<p><a href=\"\"><\/p>\n<p><img decoding=\"async\" src=\"https:\/\/rodrigotolzen.com\/wp-content\/uploads\/2024\/06\/IMG-20240603-WA0010.jpg\" \/><\/p>\n<p><\/a><\/p>\n<p><a href=\"\"><\/p>\n<p><img decoding=\"async\" src=\"https:\/\/rodrigotolzen.com\/wp-content\/uploads\/2024\/06\/IMG-20240603-WA0009.jpg\" \/><\/p>\n<p><\/a><\/p>\n<p><a href=\"\"><\/p>\n<p><img decoding=\"async\" src=\"https:\/\/rodrigotolzen.com\/wp-content\/uploads\/2024\/06\/IMG-20240603-WA0003.jpg\" \/><\/p>\n<p><\/a><\/p>\n<p><a href=\"\"><\/p>\n<p><img decoding=\"async\" src=\"https:\/\/rodrigotolzen.com\/wp-content\/uploads\/2024\/06\/IMG-20240603-WA0008.jpg\" \/><\/p>\n<p><\/a><\/p>\n<p><a href=\"\"><\/p>\n<p><img decoding=\"async\" src=\"https:\/\/rodrigotolzen.com\/wp-content\/uploads\/2024\/06\/IMG-20240603-WA0005.jpg\" \/><\/p>\n<p><\/a><\/p>\n<p><a href=\"\"><\/p>\n<p><img decoding=\"async\" src=\"https:\/\/rodrigotolzen.com\/wp-content\/uploads\/2024\/06\/IMG-20240611-WA0003.jpg\" \/><\/p>\n<p><\/a><\/p>\n<p><a href=\"\"><\/p>\n<p><img decoding=\"async\" src=\"https:\/\/rodrigotolzen.com\/wp-content\/uploads\/2024\/06\/IMG-20240611-WA0004.jpg\" \/><\/p>\n<p><\/a><\/p>\n<p><a href=\"\"><\/p>\n<p><img decoding=\"async\" src=\"https:\/\/rodrigotolzen.com\/wp-content\/uploads\/2024\/06\/IMG-20240611-WA0005.jpg\" \/><\/p>\n<p><\/a><\/p>\n<p><a href=\"\"><\/p>\n<p><img decoding=\"async\" src=\"https:\/\/rodrigotolzen.com\/wp-content\/uploads\/2024\/06\/IMG-20240611-WA0006.jpg\" \/><\/p>\n<p><\/a><\/p>\n<p><a href=\"\"><\/p>\n<p><img decoding=\"async\" src=\"https:\/\/rodrigotolzen.com\/wp-content\/uploads\/2024\/06\/IMG-20240611-WA0007.jpg\" \/><\/p>\n<p><\/a><\/p>\n<p><a href=\"\"><\/p>\n<p><img decoding=\"async\" src=\"https:\/\/rodrigotolzen.com\/wp-content\/uploads\/2024\/06\/IMG-20240611-WA0009.jpg\" \/><\/p>\n<p><\/a><\/p>\n<p><a href=\"\"><\/p>\n<p><img decoding=\"async\" src=\"https:\/\/rodrigotolzen.com\/wp-content\/uploads\/2024\/07\/02.png\" \/><\/p>\n<p>See video<\/p>\n<p><\/a><\/p>\n<p>See video<\/p>\n<p><a href=\"\"><\/p>\n<p><img decoding=\"async\" src=\"https:\/\/rodrigotolzen.com\/wp-content\/uploads\/2024\/07\/1.png\" \/><\/p>\n<p>See video<\/p>\n<p><\/a><\/p>\n<p>See video<\/p>\n<p><a href=\"\"><\/p>\n<p><img decoding=\"async\" src=\"https:\/\/rodrigotolzen.com\/wp-content\/uploads\/2024\/07\/3.png\" \/><\/p>\n<p>See video<\/p>\n<p><\/a><\/p>\n<p>See video<\/p>\n<p><a href=\"\"><\/p>\n<p><img decoding=\"async\" src=\"https:\/\/rodrigotolzen.com\/wp-content\/uploads\/2024\/07\/4.png\" \/><\/p>\n<p>See video<\/p>\n<p><\/a><\/p>\n<p>See video<\/p>\n<p>&#8220;Te asombrar\u00e1s a carcajadas&#8221;&#8221;Te asombrar\u00e1s a carcajadas&#8221;&#8220;Te asombrar\u00e1s a carcajadas&#8221;&#8221;Te asombrar\u00e1s a carcajadas&#8221;<\/p>\n<p>Testimonials<\/p>\n<p>of<\/p>\n<p>Trust<\/p>\n<p>Voces influyentes hablan sobre nuestro trabajo<\/p>\n<p>Find out what famous and influential people have to say about our work.<\/p>\n<p>In this section you will find comments that support the quality and value of our work. The opinions of these personalities are a seal of trust for our readers and potential clients.<\/p>\n<p><img decoding=\"async\" src=\"https:\/\/rodrigotolzen.com\/wp-content\/uploads\/2024\/06\/20.jpg\" \/><\/p>\n<p>BOMBO FICA<\/p>\n<p>Chilean comedian and jury in \u201cChilean Talent\u201d<\/p>\n<p>\u201cHe is a first-class professional, his ability to<\/p>\n<p>combining magic and comedy is exceptional. Working with him is a real pleasure.\u201d<\/p>\n<p><img decoding=\"async\" src=\"https:\/\/rodrigotolzen.com\/wp-content\/uploads\/2024\/06\/19.jpg\" \/><\/p>\n<p>LUIS JARA<\/p>\n<p>Chilean Singer and Jury at the Roman Coliseum.<\/p>\n<p>\u201cIncomparable creativity and talent, true entertainment wizard.<\/p>\n<p>Their show guarantees fun and amazement.\u201d<\/p>\n<p><img decoding=\"async\" src=\"https:\/\/rodrigotolzen.com\/wp-content\/uploads\/2024\/06\/21.jpg\" \/><\/p>\n<p>LOUISA RALUY<\/p>\n<p>Raluy Legacy Circus Director \u2013 International Jury.<\/p>\n<p>\u201cI want to highlight Rodrigo's artistic quality. He is an outstanding magician, an elegant showman, a very complete artist and one of the best teammates you can have.\u201d<\/p>\n<p><img decoding=\"async\" src=\"https:\/\/rodrigotolzen.com\/wp-content\/uploads\/2024\/06\/18.jpg\" \/><\/p>\n<p>ANTONIO VODANOVIC<\/p>\n<p>Television entertainer \u2013 Got Talent Chile Jury.<\/p>\n<p>\u201cVery original, an attractive staging especially for the artist's verse. It has a television rhythm, empathy with the public, a show that does not allow distraction, pleasant and effective.\u201d<\/p>\n<p>DOWNLOADS<\/p>\n<p><a href=\"https:\/\/drive.google.com\/file\/d\/1XyoxR71R8pM592u9bvmfuEXoZ_wz4gdP\/view?usp=sharing\" target=\"_blank\" rel=\"noopener\">Portfolio<\/a><\/p>\n<p>Tickets<\/p>\n<p>Stay up to date with the latest events and make sure you don't miss any presentations.<\/p>\n<p>Here you will find constant updates on dates, locations and details of each Rodrigo Tolzen show.<\/p>\n<p>Stay Connected<\/p>\n<p>Don't forget to follow us on our social networks to receive the latest news and updates on Rodrigo Tolzen's shows!<\/p>\n<p><a href=\"https:\/\/tuacceso.cl\/evento\/rodrigo-tolzen\/\">Buy your ticket here<\/a><\/p>\n<p><img decoding=\"async\" src=\"https:\/\/rodrigotolzen.com\/wp-content\/uploads\/2024\/09\/Logo1.jpg\" \/>\t\t\t\t<\/p>\n<p>Contact<\/p>\n<p><a href=\"mailto:contacto@rodrigotolzen.com\">contacto@rodrigotolzen.com<\/a><\/p>\n<p><a href=\"https:\/\/rodrigotolzen.com\/en\/\">www.rodrigotolzen-com-860135.hostingersite.com\/<\/a><\/p>\n<p><a href=\"https:\/\/www.facebook.com\/people\/Rodrigo-Tolzen\/100063567338738\/\" target=\"_blank\" rel=\"noopener\"><\/a> <a href=\"https:\/\/www.youtube.com\/@rodrigotolzen\" target=\"_blank\" rel=\"noopener\"><\/a> <a href=\"https:\/\/www.instagram.com\/rtolzen\/\" target=\"_blank\" rel=\"noopener\"><\/a> <\/p>","protected":false},"excerpt":{"rendered":"<p class=\"excerpt\">Bienvenido a RODRIGO TOLZEN \u00a1Hola a todos Bienvenidos a mi p\u00e1gina oficial! Es un placer que conozcan mi trabajo, d\u00f3nde el asombro y las risas son la prioridad. Aqu\u00ed podr\u00e1n explorar mi mundo art\u00edstico.\u00a1Espero que disfruten su visita tanto como yo disfruto compartir mi pasi\u00f3n con ustedes! Nos vemos en tu pr\u00f3ximo evento. \u201cTe asombrar\u00e1s [&hellip;]<\/p>","protected":false},"author":1,"featured_media":0,"parent":0,"menu_order":0,"comment_status":"closed","ping_status":"closed","template":"builder.php","meta":{"footnotes":""},"class_list":["post-47","page","type-page","status-publish","hentry"],"_hostinger_reach_plugin_has_subscription_block":false,"_hostinger_reach_plugin_is_elementor":false,"_links":{"self":[{"href":"https:\/\/rodrigotolzen.com\/en\/wp-json\/wp\/v2\/pages\/47","targetHints":{"allow":["GET"]}}],"collection":[{"href":"https:\/\/rodrigotolzen.com\/en\/wp-json\/wp\/v2\/pages"}],"about":[{"href":"https:\/\/rodrigotolzen.com\/en\/wp-json\/wp\/v2\/types\/page"}],"author":[{"embeddable":true,"href":"https:\/\/rodrigotolzen.com\/en\/wp-json\/wp\/v2\/users\/1"}],"replies":[{"embeddable":true,"href":"https:\/\/rodrigotolzen.com\/en\/wp-json\/wp\/v2\/comments?post=47"}],"version-history":[{"count":262,"href":"https:\/\/rodrigotolzen.com\/en\/wp-json\/wp\/v2\/pages\/47\/revisions"}],"predecessor-version":[{"id":1100,"href":"https:\/\/rodrigotolzen.com\/en\/wp-json\/wp\/v2\/pages\/47\/revisions\/1100"}],"wp:attachment":[{"href":"https:\/\/rodrigotolzen.com\/en\/wp-json\/wp\/v2\/media?parent=47"}],"curies":[{"name":"wp","href":"https:\/\/api.w.org\/{rel}","templated":true}]}}